{"id":301,"date":"2026-02-19T21:29:51","date_gmt":"2026-02-20T02:29:51","guid":{"rendered":"https:\/\/aquamarstg.wpenginepowered.com\/?page_id=301"},"modified":"2026-03-16T09:41:40","modified_gmt":"2026-03-16T13:41:40","slug":"servicio-de-comida-asiatica","status":"publish","type":"page","link":"https:\/\/aquamarseafood.com\/es\/asian-food-service\/","title":{"rendered":"Servicio de comida asi\u00e1tica"},"content":{"rendered":"<div data-elementor-type=\"wp-page\" data-elementor-id=\"301\" class=\"elementor elementor-301\" data-elementor-post-type=\"page\">\n\t\t\t\t<div class=\"elementor-element elementor-element-8c593f7 e-flex e-con-boxed e-con e-parent\" data-id=\"8c593f7\" data-element_type=\"container\" data-e-type=\"container\">\n\t\t\t\t\t<div class=\"e-con-inner\">\n\t\t<div class=\"elementor-element elementor-element-93eef25 e-con-full e-flex e-con e-child\" data-id=\"93eef25\" data-element_type=\"container\" data-e-type=\"container\">\n\t\t\t\t<div class=\"elementor-element elementor-element-aaea873 elementor-widget elementor-widget-heading\" data-id=\"aaea873\" data-element_type=\"widget\" data-e-type=\"widget\" data-widget_type=\"heading.default\">\n\t\t\t\t<div class=\"elementor-widget-container\">\n\t\t\t\t\t<h1 class=\"elementor-heading-title elementor-size-default\">Servicio de comida asi\u00e1tica<\/h1>\t\t\t\t<\/div>\n\t\t\t\t<\/div>\n\t\t\t\t<div class=\"elementor-element elementor-element-5100278 elementor-widget elementor-widget-image\" data-id=\"5100278\" data-element_type=\"widget\" data-e-type=\"widget\" data-widget_type=\"image.default\">\n\t\t\t\t<div class=\"elementor-widget-container\">\n\t\t\t\t\t\t\t\t\t\t\t\t\t\t\t<img decoding=\"async\" width=\"178\" height=\"66\" src=\"https:\/\/aquamarseafood.com\/wp-content\/uploads\/2026\/02\/fish.svg\" class=\"attachment-large size-large wp-image-61\" alt=\"\" \/>\t\t\t\t\t\t\t\t\t\t\t\t\t\t\t<\/div>\n\t\t\t\t<\/div>\n\t\t\t\t<\/div>\n\t\t\t\t\t<\/div>\n\t\t\t\t<\/div>\n\t\t<div class=\"elementor-element elementor-element-6defbe1 e-con-full e-flex e-con e-child\" data-id=\"6defbe1\" data-element_type=\"container\" data-e-type=\"container\" data-settings=\"{&quot;background_background&quot;:&quot;classic&quot;}\">\n\t\t<div class=\"elementor-element elementor-element-46a96ea e-con-full e-flex e-con e-child\" data-id=\"46a96ea\" data-element_type=\"container\" data-e-type=\"container\" data-settings=\"{&quot;background_background&quot;:&quot;classic&quot;}\">\n\t\t\t\t<\/div>\n\t\t<div class=\"elementor-element elementor-element-3e33584 e-con-full extended-right e-flex e-con e-child\" data-id=\"3e33584\" data-element_type=\"container\" data-e-type=\"container\" data-settings=\"{&quot;background_background&quot;:&quot;classic&quot;}\">\n\t\t\t\t<div class=\"elementor-element elementor-element-45d3d65 elementor-widget elementor-widget-heading\" data-id=\"45d3d65\" data-element_type=\"widget\" data-e-type=\"widget\" data-widget_type=\"heading.default\">\n\t\t\t\t<div class=\"elementor-widget-container\">\n\t\t\t\t\t<h2 class=\"elementor-heading-title elementor-size-default\">A la vanguardia en<br>Restauraci\u00f3n asi\u00e1tica<\/h2>\t\t\t\t<\/div>\n\t\t\t\t<\/div>\n\t\t\t\t<div class=\"elementor-element elementor-element-977942d elementor-widget elementor-widget-text-editor\" data-id=\"977942d\" data-element_type=\"widget\" data-e-type=\"widget\" data-widget_type=\"text-editor.default\">\n\t\t\t\t<div class=\"elementor-widget-container\">\n\t\t\t\t\t\t\t\t\t<p>Con d\u00e9cadas de experiencia en la fabricaci\u00f3n de surimi en EE.UU. y un amplio conocimiento de los productos del mar con valor a\u00f1adido, Aquamar es su socio ideal para mejorar su departamento de productos del mar. Nuestros representantes trabajan con usted de forma personalizada para dise\u00f1ar un programa de marisco que se adapte a su estrategia de venta al por menor.<\/p>\t\t\t\t\t\t\t\t<\/div>\n\t\t\t\t<\/div>\n\t\t\t\t<\/div>\n\t\t\t\t<\/div>\n\t\t<div class=\"elementor-element elementor-element-716e7323 e-flex e-con-boxed e-con e-parent\" data-id=\"716e7323\" data-element_type=\"container\" data-e-type=\"container\" data-settings=\"{&quot;background_background&quot;:&quot;classic&quot;}\">\n\t\t\t\t\t<div class=\"e-con-inner\">\n\t\t<div class=\"elementor-element elementor-element-78d53d0 e-con-full e-flex e-con e-child\" data-id=\"78d53d0\" data-element_type=\"container\" data-e-type=\"container\" data-settings=\"{&quot;background_background&quot;:&quot;classic&quot;}\">\n\t\t\t\t<div class=\"elementor-element elementor-element-a041c14 elementor-absolute elementor-widget elementor-widget-image\" data-id=\"a041c14\" data-element_type=\"widget\" data-e-type=\"widget\" data-settings=\"{&quot;_position&quot;:&quot;absolute&quot;}\" data-widget_type=\"image.default\">\n\t\t\t\t<div class=\"elementor-widget-container\">\n\t\t\t\t\t\t\t\t\t\t\t\t\t\t\t<img fetchpriority=\"high\" decoding=\"async\" width=\"447\" height=\"801\" src=\"https:\/\/aquamarseafood.com\/wp-content\/uploads\/2026\/02\/fish-shapes.svg\" class=\"attachment-large size-large wp-image-305\" alt=\"\" \/>\t\t\t\t\t\t\t\t\t\t\t\t\t\t\t<\/div>\n\t\t\t\t<\/div>\n\t\t<div class=\"elementor-element elementor-element-d5a488a e-con-full e-flex e-con e-child\" data-id=\"d5a488a\" data-element_type=\"container\" data-e-type=\"container\">\n\t\t\t\t<div class=\"elementor-element elementor-element-41950c1 elementor-widget elementor-widget-n-accordion\" data-id=\"41950c1\" data-element_type=\"widget\" data-e-type=\"widget\" data-settings=\"{&quot;default_state&quot;:&quot;expanded&quot;,&quot;max_items_expended&quot;:&quot;one&quot;,&quot;n_accordion_animation_duration&quot;:{&quot;unit&quot;:&quot;ms&quot;,&quot;size&quot;:400,&quot;sizes&quot;:[]}}\" data-widget_type=\"nested-accordion.default\">\n\t\t\t\t<div class=\"elementor-widget-container\">\n\t\t\t\t\t\t\t<div class=\"e-n-accordion\" aria-label=\"Acorde\u00f3n. Abra los enlaces con Intro o Espacio, ci\u00e9rrelos con Escape y navegue con las teclas de flecha.\">\n\t\t\t\t\t\t<details id=\"e-n-accordion-item-6870\" class=\"e-n-accordion-item\" open>\n\t\t\t\t<summary class=\"e-n-accordion-item-title\" data-accordion-index=\"1\" tabindex=\"0\" aria-expanded=\"true\" aria-controls=\"e-n-accordion-item-6870\" >\n\t\t\t\t\t<span class='e-n-accordion-item-title-header'><h4 class=\"e-n-accordion-item-title-text\"> Un legado de autenticidad y calidad <\/h4><\/span>\n\t\t\t\t\t\t\t\t\t<\/summary>\n\t\t\t\t<div role=\"region\" aria-labelledby=\"e-n-accordion-item-6870\" class=\"elementor-element elementor-element-3de943f e-con-full e-flex e-con e-child\" data-id=\"3de943f\" data-element_type=\"container\" data-e-type=\"container\">\n\t\t\t\t<div class=\"elementor-element elementor-element-543047e elementor-widget elementor-widget-text-editor\" data-id=\"543047e\" data-element_type=\"widget\" data-e-type=\"widget\" data-widget_type=\"text-editor.default\">\n\t\t\t\t<div class=\"elementor-widget-container\">\n\t\t\t\t\t\t\t\t\t<p>Fundada por un inmigrante japon\u00e9s que fue uno de los primeros en introducir el surimi en Norteam\u00e9rica, Aquamar posee un profundo conocimiento del mercado asi\u00e1tico de la restauraci\u00f3n. Nuestras capacidades de fabricaci\u00f3n propias nos permiten ofrecer un formato de desmenuzado diferenciado, garantizando que nuestros productos cumplen los m\u00e1s altos est\u00e1ndares de excelencia y autenticidad.<\/p>\t\t\t\t\t\t\t\t<\/div>\n\t\t\t\t<\/div>\n\t\t\t\t<\/div>\n\t\t\t\t\t<\/details>\n\t\t\t\t\t\t<details id=\"e-n-accordion-item-6871\" class=\"e-n-accordion-item\" >\n\t\t\t\t<summary class=\"e-n-accordion-item-title\" data-accordion-index=\"2\" tabindex=\"-1\" aria-expanded=\"false\" aria-controls=\"e-n-accordion-item-6871\" >\n\t\t\t\t\t<span class='e-n-accordion-item-title-header'><h4 class=\"e-n-accordion-item-title-text\"> Satisfacer diversas necesidades de restauraci\u00f3n <\/h4><\/span>\n\t\t\t\t\t\t\t\t\t<\/summary>\n\t\t\t\t<div role=\"region\" aria-labelledby=\"e-n-accordion-item-6871\" class=\"elementor-element elementor-element-0ed766f e-con-full e-flex e-con e-child\" data-id=\"0ed766f\" data-element_type=\"container\" data-e-type=\"container\">\n\t\t\t\t<div class=\"elementor-element elementor-element-0834e7a elementor-widget elementor-widget-text-editor\" data-id=\"0834e7a\" data-element_type=\"widget\" data-e-type=\"widget\" data-widget_type=\"text-editor.default\">\n\t\t\t\t<div class=\"elementor-widget-container\">\n\t\t\t\t\t\t\t\t\tNuestros productos de surimi satisfacen una gran variedad de necesidades, como restaurantes, instituciones, cadenas de delicatessen y otros. Adem\u00e1s, nuestras plantas de fabricaci\u00f3n tienen la certificaci\u00f3n HACCP con el nivel 2 de SQF y la calificaci\u00f3n AAA de BRC, lo que garantiza la m\u00e1xima calidad.\t\t\t\t\t\t\t\t<\/div>\n\t\t\t\t<\/div>\n\t\t\t\t<\/div>\n\t\t\t\t\t<\/details>\n\t\t\t\t\t\t<details id=\"e-n-accordion-item-6872\" class=\"e-n-accordion-item\" >\n\t\t\t\t<summary class=\"e-n-accordion-item-title\" data-accordion-index=\"3\" tabindex=\"-1\" aria-expanded=\"false\" aria-controls=\"e-n-accordion-item-6872\" >\n\t\t\t\t\t<span class='e-n-accordion-item-title-header'><h4 class=\"e-n-accordion-item-title-text\"> Colaboraci\u00f3n con los l\u00edderes del sector alimentario <\/h4><\/span>\n\t\t\t\t\t\t\t\t\t<\/summary>\n\t\t\t\t<div role=\"region\" aria-labelledby=\"e-n-accordion-item-6872\" class=\"elementor-element elementor-element-40eaae3 e-con-full e-flex e-con e-child\" data-id=\"40eaae3\" data-element_type=\"container\" data-e-type=\"container\">\n\t\t\t\t<div class=\"elementor-element elementor-element-4d5a275 elementor-widget elementor-widget-text-editor\" data-id=\"4d5a275\" data-element_type=\"widget\" data-e-type=\"widget\" data-widget_type=\"text-editor.default\">\n\t\t\t\t<div class=\"elementor-widget-container\">\n\t\t\t\t\t\t\t\t\tEmpresas como Wismettac, Mutual Trading, True World Foods y JFC International Inc. conf\u00edan en Aquamar por nuestro sabor excepcional, textura inigualable y versatilidad sin igual.\t\t\t\t\t\t\t\t<\/div>\n\t\t\t\t<\/div>\n\t\t\t\t<\/div>\n\t\t\t\t\t<\/details>\n\t\t\t\t\t<\/div>\n\t\t\t\t\t\t<\/div>\n\t\t\t\t<\/div>\n\t\t\t\t<\/div>\n\t\t\t\t<\/div>\n\t\t\t\t\t<\/div>\n\t\t\t\t<\/div>\n\t\t<div class=\"elementor-element elementor-element-1fc08650 e-flex e-con-boxed e-con e-parent\" data-id=\"1fc08650\" data-element_type=\"container\" data-e-type=\"container\" data-settings=\"{&quot;background_background&quot;:&quot;classic&quot;}\">\n\t\t\t\t\t<div class=\"e-con-inner\">\n\t\t\t\t<div class=\"elementor-element elementor-element-f58eb10 elementor-widget elementor-widget-heading\" data-id=\"f58eb10\" data-element_type=\"widget\" data-e-type=\"widget\" data-widget_type=\"heading.default\">\n\t\t\t\t<div class=\"elementor-widget-container\">\n\t\t\t\t\t<h2 class=\"elementor-heading-title elementor-size-default\">Discutir Custom<br>\nSoluciones<\/h2>\t\t\t\t<\/div>\n\t\t\t\t<\/div>\n\t\t\t\t<div class=\"elementor-element elementor-element-a710f0c underline-button default-underline elementor-widget elementor-widget-button\" data-id=\"a710f0c\" data-element_type=\"widget\" data-e-type=\"widget\" data-widget_type=\"button.default\">\n\t\t\t\t<div class=\"elementor-widget-container\">\n\t\t\t\t\t\t\t\t\t<div class=\"elementor-button-wrapper\">\n\t\t\t\t\t<a class=\"elementor-button elementor-button-link elementor-size-sm\" href=\"\/es\/productos-comerciales\/\">\n\t\t\t\t\t\t<span class=\"elementor-button-content-wrapper\">\n\t\t\t\t\t\t\t\t\t<span class=\"elementor-button-text\">Productos disponibles<\/span>\n\t\t\t\t\t<\/span>\n\t\t\t\t\t<\/a>\n\t\t\t\t<\/div>\n\t\t\t\t\t\t\t\t<\/div>\n\t\t\t\t<\/div>\n\t\t\t\t\t<\/div>\n\t\t\t\t<\/div>\n\t\t\t\t<\/div>","protected":false},"excerpt":{"rendered":"<p>Leading the Way inAsian Foodservice With decades of experience in manufacturing surimi in the USA and rich insights into value-added seafood, Aquamar is your go-to partner for elevating your seafood department. Our representatives work with you one-on-one to tailor a seafood program that aligns with your retail strategy. A Legacy of Authenticity and Quality Founded [&hellip;]<\/p>\n","protected":false},"author":2,"featured_media":995,"parent":0,"menu_order":0,"comment_status":"closed","ping_status":"closed","template":"","meta":{"_acf_changed":false,"iawp_total_views":90,"footnotes":""},"class_list":["post-301","page","type-page","status-publish","has-post-thumbnail","hentry"],"acf":[],"featured_image_src":"https:\/\/aquamarseafood.com\/wp-content\/uploads\/2026\/03\/Asian-Foodservice-600x400.webp","featured_image_src_square":"https:\/\/aquamarseafood.com\/wp-content\/uploads\/2026\/03\/Asian-Foodservice-600x600.webp","_links":{"self":[{"href":"https:\/\/aquamarseafood.com\/es\/wp-json\/wp\/v2\/pages\/301","targetHints":{"allow":["GET"]}}],"collection":[{"href":"https:\/\/aquamarseafood.com\/es\/wp-json\/wp\/v2\/pages"}],"about":[{"href":"https:\/\/aquamarseafood.com\/es\/wp-json\/wp\/v2\/types\/page"}],"author":[{"embeddable":true,"href":"https:\/\/aquamarseafood.com\/es\/wp-json\/wp\/v2\/users\/2"}],"replies":[{"embeddable":true,"href":"https:\/\/aquamarseafood.com\/es\/wp-json\/wp\/v2\/comments?post=301"}],"version-history":[{"count":0,"href":"https:\/\/aquamarseafood.com\/es\/wp-json\/wp\/v2\/pages\/301\/revisions"}],"wp:featuredmedia":[{"embeddable":true,"href":"https:\/\/aquamarseafood.com\/es\/wp-json\/wp\/v2\/media\/995"}],"wp:attachment":[{"href":"https:\/\/aquamarseafood.com\/es\/wp-json\/wp\/v2\/media?parent=301"}],"curies":[{"name":"wp","href":"https:\/\/api.w.org\/{rel}","templated":true}]}}