{"id":330,"date":"2026-02-20T15:08:07","date_gmt":"2026-02-20T20:08:07","guid":{"rendered":"https:\/\/aquamarstg.wpenginepowered.com\/?page_id=330"},"modified":"2026-03-16T09:47:03","modified_gmt":"2026-03-16T13:47:03","slug":"procesador-de-valor-anadido","status":"publish","type":"page","link":"https:\/\/aquamarseafood.com\/es\/value-added-processor\/","title":{"rendered":"Procesador de valor a\u00f1adido"},"content":{"rendered":"<div data-elementor-type=\"wp-page\" data-elementor-id=\"330\" class=\"elementor elementor-330\" data-elementor-post-type=\"page\">\n\t\t\t\t<div class=\"elementor-element elementor-element-8c593f7 e-flex e-con-boxed e-con e-parent\" data-id=\"8c593f7\" data-element_type=\"container\" data-e-type=\"container\">\n\t\t\t\t\t<div class=\"e-con-inner\">\n\t\t<div class=\"elementor-element elementor-element-93eef25 e-con-full e-flex e-con e-child\" data-id=\"93eef25\" data-element_type=\"container\" data-e-type=\"container\">\n\t\t\t\t<div class=\"elementor-element elementor-element-aaea873 elementor-widget elementor-widget-heading\" data-id=\"aaea873\" data-element_type=\"widget\" data-e-type=\"widget\" data-widget_type=\"heading.default\">\n\t\t\t\t<div class=\"elementor-widget-container\">\n\t\t\t\t\t<h1 class=\"elementor-heading-title elementor-size-default\">Procesador de valor a\u00f1adido<\/h1>\t\t\t\t<\/div>\n\t\t\t\t<\/div>\n\t\t\t\t<div class=\"elementor-element elementor-element-5100278 elementor-widget elementor-widget-image\" data-id=\"5100278\" data-element_type=\"widget\" data-e-type=\"widget\" data-widget_type=\"image.default\">\n\t\t\t\t<div class=\"elementor-widget-container\">\n\t\t\t\t\t\t\t\t\t\t\t\t\t\t\t<img decoding=\"async\" width=\"178\" height=\"66\" src=\"https:\/\/aquamarseafood.com\/wp-content\/uploads\/2026\/02\/fish.svg\" class=\"attachment-large size-large wp-image-61\" alt=\"\" \/>\t\t\t\t\t\t\t\t\t\t\t\t\t\t\t<\/div>\n\t\t\t\t<\/div>\n\t\t\t\t<\/div>\n\t\t\t\t\t<\/div>\n\t\t\t\t<\/div>\n\t\t<div class=\"elementor-element elementor-element-6defbe1 e-con-full e-flex e-con e-child\" data-id=\"6defbe1\" data-element_type=\"container\" data-e-type=\"container\" data-settings=\"{&quot;background_background&quot;:&quot;classic&quot;}\">\n\t\t<div class=\"elementor-element elementor-element-46a96ea e-con-full e-flex e-con e-child\" data-id=\"46a96ea\" data-element_type=\"container\" data-e-type=\"container\" data-settings=\"{&quot;background_background&quot;:&quot;classic&quot;}\">\n\t\t\t\t<\/div>\n\t\t<div class=\"elementor-element elementor-element-3e33584 e-con-full extended-right e-flex e-con e-child\" data-id=\"3e33584\" data-element_type=\"container\" data-e-type=\"container\" data-settings=\"{&quot;background_background&quot;:&quot;classic&quot;}\">\n\t\t\t\t<div class=\"elementor-element elementor-element-45d3d65 elementor-widget__width-initial elementor-widget elementor-widget-heading\" data-id=\"45d3d65\" data-element_type=\"widget\" data-e-type=\"widget\" data-widget_type=\"heading.default\">\n\t\t\t\t<div class=\"elementor-widget-container\">\n\t\t\t\t\t<h2 class=\"elementor-heading-title elementor-size-default\">Aumente el valor a\u00f1adido de su oferta con Aquamar Surimi<\/h2>\t\t\t\t<\/div>\n\t\t\t\t<\/div>\n\t\t\t\t<div class=\"elementor-element elementor-element-977942d elementor-widget elementor-widget-text-editor\" data-id=\"977942d\" data-element_type=\"widget\" data-e-type=\"widget\" data-widget_type=\"text-editor.default\">\n\t\t\t\t<div class=\"elementor-widget-container\">\n\t\t\t\t\t\t\t\t\t<p>Aquamar proporciona los ingredientes base de surimi que le permiten crear una amplia gama de productos de valor a\u00f1adido. Nuestros clientes de VAP se benefician de nuestra experiencia, capacidad de respuesta y opciones de personalizaci\u00f3n.<\/p>\t\t\t\t\t\t\t\t<\/div>\n\t\t\t\t<\/div>\n\t\t\t\t<\/div>\n\t\t\t\t<\/div>\n\t\t<div class=\"elementor-element elementor-element-716e7323 e-flex e-con-boxed e-con e-parent\" data-id=\"716e7323\" data-element_type=\"container\" data-e-type=\"container\" data-settings=\"{&quot;background_background&quot;:&quot;classic&quot;}\">\n\t\t\t\t\t<div class=\"e-con-inner\">\n\t\t<div class=\"elementor-element elementor-element-78d53d0 e-con-full e-flex e-con e-child\" data-id=\"78d53d0\" data-element_type=\"container\" data-e-type=\"container\" data-settings=\"{&quot;background_background&quot;:&quot;classic&quot;}\">\n\t\t\t\t<div class=\"elementor-element elementor-element-a041c14 elementor-absolute elementor-widget elementor-widget-image\" data-id=\"a041c14\" data-element_type=\"widget\" data-e-type=\"widget\" data-settings=\"{&quot;_position&quot;:&quot;absolute&quot;}\" data-widget_type=\"image.default\">\n\t\t\t\t<div class=\"elementor-widget-container\">\n\t\t\t\t\t\t\t\t\t\t\t\t\t\t\t<img fetchpriority=\"high\" decoding=\"async\" width=\"447\" height=\"801\" src=\"https:\/\/aquamarseafood.com\/wp-content\/uploads\/2026\/02\/fish-shapes.svg\" class=\"attachment-large size-large wp-image-305\" alt=\"\" \/>\t\t\t\t\t\t\t\t\t\t\t\t\t\t\t<\/div>\n\t\t\t\t<\/div>\n\t\t<div class=\"elementor-element elementor-element-d5a488a e-con-full e-flex e-con e-child\" data-id=\"d5a488a\" data-element_type=\"container\" data-e-type=\"container\">\n\t\t\t\t<div class=\"elementor-element elementor-element-41950c1 elementor-widget elementor-widget-n-accordion\" data-id=\"41950c1\" data-element_type=\"widget\" data-e-type=\"widget\" data-settings=\"{&quot;default_state&quot;:&quot;expanded&quot;,&quot;max_items_expended&quot;:&quot;one&quot;,&quot;n_accordion_animation_duration&quot;:{&quot;unit&quot;:&quot;ms&quot;,&quot;size&quot;:400,&quot;sizes&quot;:[]}}\" data-widget_type=\"nested-accordion.default\">\n\t\t\t\t<div class=\"elementor-widget-container\">\n\t\t\t\t\t\t\t<div class=\"e-n-accordion\" aria-label=\"Acorde\u00f3n. Abra los enlaces con Intro o Espacio, ci\u00e9rrelos con Escape y navegue con las teclas de flecha.\">\n\t\t\t\t\t\t<details id=\"e-n-accordion-item-6870\" class=\"e-n-accordion-item\" open>\n\t\t\t\t<summary class=\"e-n-accordion-item-title\" data-accordion-index=\"1\" tabindex=\"0\" aria-expanded=\"true\" aria-controls=\"e-n-accordion-item-6870\" >\n\t\t\t\t\t<span class='e-n-accordion-item-title-header'><h4 class=\"e-n-accordion-item-title-text\"> Ingredientes de surimi para mejorar el sabor y la rentabilidad <\/h4><\/span>\n\t\t\t\t\t\t\t\t\t<\/summary>\n\t\t\t\t<div role=\"region\" aria-labelledby=\"e-n-accordion-item-6870\" class=\"elementor-element elementor-element-3de943f e-con-full e-flex e-con e-child\" data-id=\"3de943f\" data-element_type=\"container\" data-e-type=\"container\">\n\t\t\t\t<div class=\"elementor-element elementor-element-543047e elementor-widget elementor-widget-text-editor\" data-id=\"543047e\" data-element_type=\"widget\" data-e-type=\"widget\" data-widget_type=\"text-editor.default\">\n\t\t\t\t<div class=\"elementor-widget-container\">\n\t\t\t\t\t\t\t\t\tLa variada gama de formas y estilos de surimi de Aquamar est\u00e1 dise\u00f1ada para elevar los perfiles de sabor de sus productos de valor a\u00f1adido.\t\t\t\t\t\t\t\t<\/div>\n\t\t\t\t<\/div>\n\t\t\t\t<\/div>\n\t\t\t\t\t<\/details>\n\t\t\t\t\t\t<details id=\"e-n-accordion-item-6871\" class=\"e-n-accordion-item\" >\n\t\t\t\t<summary class=\"e-n-accordion-item-title\" data-accordion-index=\"2\" tabindex=\"-1\" aria-expanded=\"false\" aria-controls=\"e-n-accordion-item-6871\" >\n\t\t\t\t\t<span class='e-n-accordion-item-title-header'><h4 class=\"e-n-accordion-item-title-text\"> Soluciones a medida para diversas aplicaciones <\/h4><\/span>\n\t\t\t\t\t\t\t\t\t<\/summary>\n\t\t\t\t<div role=\"region\" aria-labelledby=\"e-n-accordion-item-6871\" class=\"elementor-element elementor-element-0ed766f e-con-full e-flex e-con e-child\" data-id=\"0ed766f\" data-element_type=\"container\" data-e-type=\"container\">\n\t\t\t\t<div class=\"elementor-element elementor-element-0834e7a elementor-widget elementor-widget-text-editor\" data-id=\"0834e7a\" data-element_type=\"widget\" data-e-type=\"widget\" data-widget_type=\"text-editor.default\">\n\t\t\t\t<div class=\"elementor-widget-container\">\n\t\t\t\t\t\t\t\t\tDesde pasteles de cangrejo y ensaladas hasta cremas para untar, nuestros productos de surimi se adaptan y rinden excepcionalmente bien en una amplia gama de art\u00edculos de valor a\u00f1adido, satisfaciendo sus necesidades espec\u00edficas de fabricaci\u00f3n.\t\t\t\t\t\t\t\t<\/div>\n\t\t\t\t<\/div>\n\t\t\t\t<\/div>\n\t\t\t\t\t<\/details>\n\t\t\t\t\t\t<details id=\"e-n-accordion-item-6872\" class=\"e-n-accordion-item\" >\n\t\t\t\t<summary class=\"e-n-accordion-item-title\" data-accordion-index=\"3\" tabindex=\"-1\" aria-expanded=\"false\" aria-controls=\"e-n-accordion-item-6872\" >\n\t\t\t\t\t<span class='e-n-accordion-item-title-header'><h4 class=\"e-n-accordion-item-title-text\"> Coherencia y fiabilidad <\/h4><\/span>\n\t\t\t\t\t\t\t\t\t<\/summary>\n\t\t\t\t<div role=\"region\" aria-labelledby=\"e-n-accordion-item-6872\" class=\"elementor-element elementor-element-40eaae3 e-con-full e-flex e-con e-child\" data-id=\"40eaae3\" data-element_type=\"container\" data-e-type=\"container\">\n\t\t\t\t<div class=\"elementor-element elementor-element-4d5a275 elementor-widget elementor-widget-text-editor\" data-id=\"4d5a275\" data-element_type=\"widget\" data-e-type=\"widget\" data-widget_type=\"text-editor.default\">\n\t\t\t\t<div class=\"elementor-widget-container\">\n\t\t\t\t\t\t\t\t\tCon un suministro diversificado de materias primas y capacidades de fabricaci\u00f3n redundantes en dos f\u00e1bricas en ambas costas, garantizamos una calidad constante, fiabilidad de servicio y costes de transporte reducidos.\t\t\t\t\t\t\t\t<\/div>\n\t\t\t\t<\/div>\n\t\t\t\t<\/div>\n\t\t\t\t\t<\/details>\n\t\t\t\t\t\t<details id=\"e-n-accordion-item-6873\" class=\"e-n-accordion-item\" >\n\t\t\t\t<summary class=\"e-n-accordion-item-title\" data-accordion-index=\"4\" tabindex=\"-1\" aria-expanded=\"false\" aria-controls=\"e-n-accordion-item-6873\" >\n\t\t\t\t\t<span class='e-n-accordion-item-title-header'><h4 class=\"e-n-accordion-item-title-text\"> Por qu\u00e9 los procesadores de valor a\u00f1adido eligen Aquamar <\/h4><\/span>\n\t\t\t\t\t\t\t\t\t<\/summary>\n\t\t\t\t<div role=\"region\" aria-labelledby=\"e-n-accordion-item-6873\" class=\"elementor-element elementor-element-5b56627 e-con-full e-flex e-con e-child\" data-id=\"5b56627\" data-element_type=\"container\" data-e-type=\"container\">\n\t\t\t\t<div class=\"elementor-element elementor-element-1747d58 elementor-widget elementor-widget-text-editor\" data-id=\"1747d58\" data-element_type=\"widget\" data-e-type=\"widget\" data-widget_type=\"text-editor.default\">\n\t\t\t\t<div class=\"elementor-widget-container\">\n\t\t\t\t\t\t\t\t\t<p>Empresas como Seafood America eligen Aquamar por nuestra experiencia, versatilidad y capacidad de respuesta.<\/p>\t\t\t\t\t\t\t\t<\/div>\n\t\t\t\t<\/div>\n\t\t\t\t<\/div>\n\t\t\t\t\t<\/details>\n\t\t\t\t\t<\/div>\n\t\t\t\t\t\t<\/div>\n\t\t\t\t<\/div>\n\t\t\t\t<\/div>\n\t\t\t\t<\/div>\n\t\t\t\t\t<\/div>\n\t\t\t\t<\/div>\n\t\t<div class=\"elementor-element elementor-element-1fc08650 e-flex e-con-boxed e-con e-parent\" data-id=\"1fc08650\" data-element_type=\"container\" data-e-type=\"container\" data-settings=\"{&quot;background_background&quot;:&quot;classic&quot;}\">\n\t\t\t\t\t<div class=\"e-con-inner\">\n\t\t\t\t<div class=\"elementor-element elementor-element-f58eb10 elementor-widget elementor-widget-heading\" data-id=\"f58eb10\" data-element_type=\"widget\" data-e-type=\"widget\" data-widget_type=\"heading.default\">\n\t\t\t\t<div class=\"elementor-widget-container\">\n\t\t\t\t\t<h2 class=\"elementor-heading-title elementor-size-default\">Explorar la estrategia<br>Asociaciones<\/h2>\t\t\t\t<\/div>\n\t\t\t\t<\/div>\n\t\t\t\t<div class=\"elementor-element elementor-element-a710f0c underline-button default-underline elementor-widget elementor-widget-button\" data-id=\"a710f0c\" data-element_type=\"widget\" data-e-type=\"widget\" data-widget_type=\"button.default\">\n\t\t\t\t<div class=\"elementor-widget-container\">\n\t\t\t\t\t\t\t\t\t<div class=\"elementor-button-wrapper\">\n\t\t\t\t\t<a class=\"elementor-button elementor-button-link elementor-size-sm\" href=\"\/es\/productos-comerciales\/\">\n\t\t\t\t\t\t<span class=\"elementor-button-content-wrapper\">\n\t\t\t\t\t\t\t\t\t<span class=\"elementor-button-text\">Productos disponibles<\/span>\n\t\t\t\t\t<\/span>\n\t\t\t\t\t<\/a>\n\t\t\t\t<\/div>\n\t\t\t\t\t\t\t\t<\/div>\n\t\t\t\t<\/div>\n\t\t\t\t\t<\/div>\n\t\t\t\t<\/div>\n\t\t\t\t<\/div>","protected":false},"excerpt":{"rendered":"<p>Elevate Your Value- Added Offerings with Aquamar Surimi Aquamar provides the surimi base ingredients that empower you to create a diverse range of value-added products. Our VAP customers benefit from our experience, responsiveness, and customization options. Surimi Ingredients for Enhanced Flavor and Profitability Aquamar&#8217;s diverse range of surimi forms and styles are designed to elevate [&hellip;]<\/p>\n","protected":false},"author":2,"featured_media":996,"parent":0,"menu_order":0,"comment_status":"closed","ping_status":"closed","template":"","meta":{"_acf_changed":false,"iawp_total_views":53,"footnotes":""},"class_list":["post-330","page","type-page","status-publish","has-post-thumbnail","hentry"],"acf":[],"featured_image_src":"https:\/\/aquamarseafood.com\/wp-content\/uploads\/2026\/03\/Elevate-Your-Value-600x400.webp","featured_image_src_square":"https:\/\/aquamarseafood.com\/wp-content\/uploads\/2026\/03\/Elevate-Your-Value-600x600.webp","_links":{"self":[{"href":"https:\/\/aquamarseafood.com\/es\/wp-json\/wp\/v2\/pages\/330","targetHints":{"allow":["GET"]}}],"collection":[{"href":"https:\/\/aquamarseafood.com\/es\/wp-json\/wp\/v2\/pages"}],"about":[{"href":"https:\/\/aquamarseafood.com\/es\/wp-json\/wp\/v2\/types\/page"}],"author":[{"embeddable":true,"href":"https:\/\/aquamarseafood.com\/es\/wp-json\/wp\/v2\/users\/2"}],"replies":[{"embeddable":true,"href":"https:\/\/aquamarseafood.com\/es\/wp-json\/wp\/v2\/comments?post=330"}],"version-history":[{"count":0,"href":"https:\/\/aquamarseafood.com\/es\/wp-json\/wp\/v2\/pages\/330\/revisions"}],"wp:featuredmedia":[{"embeddable":true,"href":"https:\/\/aquamarseafood.com\/es\/wp-json\/wp\/v2\/media\/996"}],"wp:attachment":[{"href":"https:\/\/aquamarseafood.com\/es\/wp-json\/wp\/v2\/media?parent=330"}],"curies":[{"name":"wp","href":"https:\/\/api.w.org\/{rel}","templated":true}]}}