{"id":301,"date":"2026-02-19T21:29:51","date_gmt":"2026-02-20T02:29:51","guid":{"rendered":"https:\/\/aquamarstg.wpenginepowered.com\/?page_id=301"},"modified":"2026-03-16T09:41:40","modified_gmt":"2026-03-16T13:41:40","slug":"restauration-asiatique","status":"publish","type":"page","link":"https:\/\/aquamarseafood.com\/fr\/asian-food-service\/","title":{"rendered":"Service de restauration asiatique"},"content":{"rendered":"<div data-elementor-type=\"wp-page\" data-elementor-id=\"301\" class=\"elementor elementor-301\" data-elementor-post-type=\"page\">\n\t\t\t\t<div class=\"elementor-element elementor-element-8c593f7 e-flex e-con-boxed e-con e-parent\" data-id=\"8c593f7\" data-element_type=\"container\" data-e-type=\"container\">\n\t\t\t\t\t<div class=\"e-con-inner\">\n\t\t<div class=\"elementor-element elementor-element-93eef25 e-con-full e-flex e-con e-child\" data-id=\"93eef25\" data-element_type=\"container\" data-e-type=\"container\">\n\t\t\t\t<div class=\"elementor-element elementor-element-aaea873 elementor-widget elementor-widget-heading\" data-id=\"aaea873\" data-element_type=\"widget\" data-e-type=\"widget\" data-widget_type=\"heading.default\">\n\t\t\t\t<div class=\"elementor-widget-container\">\n\t\t\t\t\t<h1 class=\"elementor-heading-title elementor-size-default\">Service de restauration asiatique<\/h1>\t\t\t\t<\/div>\n\t\t\t\t<\/div>\n\t\t\t\t<div class=\"elementor-element elementor-element-5100278 elementor-widget elementor-widget-image\" data-id=\"5100278\" data-element_type=\"widget\" data-e-type=\"widget\" data-widget_type=\"image.default\">\n\t\t\t\t<div class=\"elementor-widget-container\">\n\t\t\t\t\t\t\t\t\t\t\t\t\t\t\t<img decoding=\"async\" width=\"178\" height=\"66\" src=\"https:\/\/aquamarseafood.com\/wp-content\/uploads\/2026\/02\/fish.svg\" class=\"attachment-large size-large wp-image-61\" alt=\"\" \/>\t\t\t\t\t\t\t\t\t\t\t\t\t\t\t<\/div>\n\t\t\t\t<\/div>\n\t\t\t\t<\/div>\n\t\t\t\t\t<\/div>\n\t\t\t\t<\/div>\n\t\t<div class=\"elementor-element elementor-element-6defbe1 e-con-full e-flex e-con e-child\" data-id=\"6defbe1\" data-element_type=\"container\" data-e-type=\"container\" data-settings=\"{&quot;background_background&quot;:&quot;classic&quot;}\">\n\t\t<div class=\"elementor-element elementor-element-46a96ea e-con-full e-flex e-con e-child\" data-id=\"46a96ea\" data-element_type=\"container\" data-e-type=\"container\" data-settings=\"{&quot;background_background&quot;:&quot;classic&quot;}\">\n\t\t\t\t<\/div>\n\t\t<div class=\"elementor-element elementor-element-3e33584 e-con-full extended-right e-flex e-con e-child\" data-id=\"3e33584\" data-element_type=\"container\" data-e-type=\"container\" data-settings=\"{&quot;background_background&quot;:&quot;classic&quot;}\">\n\t\t\t\t<div class=\"elementor-element elementor-element-45d3d65 elementor-widget elementor-widget-heading\" data-id=\"45d3d65\" data-element_type=\"widget\" data-e-type=\"widget\" data-widget_type=\"heading.default\">\n\t\t\t\t<div class=\"elementor-widget-container\">\n\t\t\t\t\t<h2 class=\"elementor-heading-title elementor-size-default\">Une longueur d'avance dans le domaine de la<br>Service alimentaire asiatique<\/h2>\t\t\t\t<\/div>\n\t\t\t\t<\/div>\n\t\t\t\t<div class=\"elementor-element elementor-element-977942d elementor-widget elementor-widget-text-editor\" data-id=\"977942d\" data-element_type=\"widget\" data-e-type=\"widget\" data-widget_type=\"text-editor.default\">\n\t\t\t\t<div class=\"elementor-widget-container\">\n\t\t\t\t\t\t\t\t\t<p>Avec des d\u00e9cennies d'exp\u00e9rience dans la fabrication de surimi aux \u00c9tats-Unis et une connaissance approfondie des produits de la mer \u00e0 valeur ajout\u00e9e, Aquamar est votre partenaire privil\u00e9gi\u00e9 pour am\u00e9liorer votre rayon de produits de la mer. Nos repr\u00e9sentants travaillent en \u00e9troite collaboration avec vous pour mettre au point un programme de produits de la mer qui s'aligne sur votre strat\u00e9gie de vente au d\u00e9tail.<\/p>\t\t\t\t\t\t\t\t<\/div>\n\t\t\t\t<\/div>\n\t\t\t\t<\/div>\n\t\t\t\t<\/div>\n\t\t<div class=\"elementor-element elementor-element-716e7323 e-flex e-con-boxed e-con e-parent\" data-id=\"716e7323\" data-element_type=\"container\" data-e-type=\"container\" data-settings=\"{&quot;background_background&quot;:&quot;classic&quot;}\">\n\t\t\t\t\t<div class=\"e-con-inner\">\n\t\t<div class=\"elementor-element elementor-element-78d53d0 e-con-full e-flex e-con e-child\" data-id=\"78d53d0\" data-element_type=\"container\" data-e-type=\"container\" data-settings=\"{&quot;background_background&quot;:&quot;classic&quot;}\">\n\t\t\t\t<div class=\"elementor-element elementor-element-a041c14 elementor-absolute elementor-widget elementor-widget-image\" data-id=\"a041c14\" data-element_type=\"widget\" data-e-type=\"widget\" data-settings=\"{&quot;_position&quot;:&quot;absolute&quot;}\" data-widget_type=\"image.default\">\n\t\t\t\t<div class=\"elementor-widget-container\">\n\t\t\t\t\t\t\t\t\t\t\t\t\t\t\t<img fetchpriority=\"high\" decoding=\"async\" width=\"447\" height=\"801\" src=\"https:\/\/aquamarseafood.com\/wp-content\/uploads\/2026\/02\/fish-shapes.svg\" class=\"attachment-large size-large wp-image-305\" alt=\"\" \/>\t\t\t\t\t\t\t\t\t\t\t\t\t\t\t<\/div>\n\t\t\t\t<\/div>\n\t\t<div class=\"elementor-element elementor-element-d5a488a e-con-full e-flex e-con e-child\" data-id=\"d5a488a\" data-element_type=\"container\" data-e-type=\"container\">\n\t\t\t\t<div class=\"elementor-element elementor-element-41950c1 elementor-widget elementor-widget-n-accordion\" data-id=\"41950c1\" data-element_type=\"widget\" data-e-type=\"widget\" data-settings=\"{&quot;default_state&quot;:&quot;expanded&quot;,&quot;max_items_expended&quot;:&quot;one&quot;,&quot;n_accordion_animation_duration&quot;:{&quot;unit&quot;:&quot;ms&quot;,&quot;size&quot;:400,&quot;sizes&quot;:[]}}\" data-widget_type=\"nested-accordion.default\">\n\t\t\t\t<div class=\"elementor-widget-container\">\n\t\t\t\t\t\t\t<div class=\"e-n-accordion\" aria-label=\"Accord\u00e9on. Ouvrez les liens avec Enter ou Space, fermez-les avec Escape et naviguez avec les touches fl\u00e9ch\u00e9es.\">\n\t\t\t\t\t\t<details id=\"e-n-accordion-item-6870\" class=\"e-n-accordion-item\" open>\n\t\t\t\t<summary class=\"e-n-accordion-item-title\" data-accordion-index=\"1\" tabindex=\"0\" aria-expanded=\"true\" aria-controls=\"e-n-accordion-item-6870\" >\n\t\t\t\t\t<span class='e-n-accordion-item-title-header'><h4 class=\"e-n-accordion-item-title-text\"> Un h\u00e9ritage d'authenticit\u00e9 et de qualit\u00e9 <\/h4><\/span>\n\t\t\t\t\t\t\t\t\t<\/summary>\n\t\t\t\t<div role=\"region\" aria-labelledby=\"e-n-accordion-item-6870\" class=\"elementor-element elementor-element-3de943f e-con-full e-flex e-con e-child\" data-id=\"3de943f\" data-element_type=\"container\" data-e-type=\"container\">\n\t\t\t\t<div class=\"elementor-element elementor-element-543047e elementor-widget elementor-widget-text-editor\" data-id=\"543047e\" data-element_type=\"widget\" data-e-type=\"widget\" data-widget_type=\"text-editor.default\">\n\t\t\t\t<div class=\"elementor-widget-container\">\n\t\t\t\t\t\t\t\t\t<p>Fond\u00e9e par un immigrant japonais qui a \u00e9t\u00e9 l'un des premiers \u00e0 introduire le surimi en Am\u00e9rique du Nord, Aquamar a une connaissance approfondie du march\u00e9 asiatique de la restauration. Nos capacit\u00e9s de fabrication exclusives nous permettent d'offrir un format d'effiloch\u00e9 diff\u00e9renci\u00e9, garantissant que nos produits r\u00e9pondent aux normes d'excellence et d'authenticit\u00e9 les plus \u00e9lev\u00e9es.<\/p>\t\t\t\t\t\t\t\t<\/div>\n\t\t\t\t<\/div>\n\t\t\t\t<\/div>\n\t\t\t\t\t<\/details>\n\t\t\t\t\t\t<details id=\"e-n-accordion-item-6871\" class=\"e-n-accordion-item\" >\n\t\t\t\t<summary class=\"e-n-accordion-item-title\" data-accordion-index=\"2\" tabindex=\"-1\" aria-expanded=\"false\" aria-controls=\"e-n-accordion-item-6871\" >\n\t\t\t\t\t<span class='e-n-accordion-item-title-header'><h4 class=\"e-n-accordion-item-title-text\"> R\u00e9pondre \u00e0 la diversit\u00e9 des besoins en mati\u00e8re de services alimentaires <\/h4><\/span>\n\t\t\t\t\t\t\t\t\t<\/summary>\n\t\t\t\t<div role=\"region\" aria-labelledby=\"e-n-accordion-item-6871\" class=\"elementor-element elementor-element-0ed766f e-con-full e-flex e-con e-child\" data-id=\"0ed766f\" data-element_type=\"container\" data-e-type=\"container\">\n\t\t\t\t<div class=\"elementor-element elementor-element-0834e7a elementor-widget elementor-widget-text-editor\" data-id=\"0834e7a\" data-element_type=\"widget\" data-e-type=\"widget\" data-widget_type=\"text-editor.default\">\n\t\t\t\t<div class=\"elementor-widget-container\">\n\t\t\t\t\t\t\t\t\tNos produits de surimi r\u00e9pondent \u00e0 une vari\u00e9t\u00e9 de besoins, y compris les restaurants, les institutions, les cha\u00eenes de charcuterie, et plus encore. De plus, nos usines de fabrication sont certifi\u00e9es HACCP avec SQF niveau 2 et BRC AAA, ce qui garantit la plus haute qualit\u00e9.\t\t\t\t\t\t\t\t<\/div>\n\t\t\t\t<\/div>\n\t\t\t\t<\/div>\n\t\t\t\t\t<\/details>\n\t\t\t\t\t\t<details id=\"e-n-accordion-item-6872\" class=\"e-n-accordion-item\" >\n\t\t\t\t<summary class=\"e-n-accordion-item-title\" data-accordion-index=\"3\" tabindex=\"-1\" aria-expanded=\"false\" aria-controls=\"e-n-accordion-item-6872\" >\n\t\t\t\t\t<span class='e-n-accordion-item-title-header'><h4 class=\"e-n-accordion-item-title-text\"> Partenariat avec les leaders des services alimentaires <\/h4><\/span>\n\t\t\t\t\t\t\t\t\t<\/summary>\n\t\t\t\t<div role=\"region\" aria-labelledby=\"e-n-accordion-item-6872\" class=\"elementor-element elementor-element-40eaae3 e-con-full e-flex e-con e-child\" data-id=\"40eaae3\" data-element_type=\"container\" data-e-type=\"container\">\n\t\t\t\t<div class=\"elementor-element elementor-element-4d5a275 elementor-widget elementor-widget-text-editor\" data-id=\"4d5a275\" data-element_type=\"widget\" data-e-type=\"widget\" data-widget_type=\"text-editor.default\">\n\t\t\t\t<div class=\"elementor-widget-container\">\n\t\t\t\t\t\t\t\t\tDes entreprises telles que Wismettac, Mutual Trading, True World Foods et JFC International Inc. font confiance \u00e0 Aquamar pour son go\u00fbt exceptionnel, sa texture in\u00e9gal\u00e9e et sa polyvalence in\u00e9gal\u00e9e.\t\t\t\t\t\t\t\t<\/div>\n\t\t\t\t<\/div>\n\t\t\t\t<\/div>\n\t\t\t\t\t<\/details>\n\t\t\t\t\t<\/div>\n\t\t\t\t\t\t<\/div>\n\t\t\t\t<\/div>\n\t\t\t\t<\/div>\n\t\t\t\t<\/div>\n\t\t\t\t\t<\/div>\n\t\t\t\t<\/div>\n\t\t<div class=\"elementor-element elementor-element-1fc08650 e-flex e-con-boxed e-con e-parent\" data-id=\"1fc08650\" data-element_type=\"container\" data-e-type=\"container\" data-settings=\"{&quot;background_background&quot;:&quot;classic&quot;}\">\n\t\t\t\t\t<div class=\"e-con-inner\">\n\t\t\t\t<div class=\"elementor-element elementor-element-f58eb10 elementor-widget elementor-widget-heading\" data-id=\"f58eb10\" data-element_type=\"widget\" data-e-type=\"widget\" data-widget_type=\"heading.default\">\n\t\t\t\t<div class=\"elementor-widget-container\">\n\t\t\t\t\t<h2 class=\"elementor-heading-title elementor-size-default\">Discuter de la personnalisation<br>\nSolutions<\/h2>\t\t\t\t<\/div>\n\t\t\t\t<\/div>\n\t\t\t\t<div class=\"elementor-element elementor-element-a710f0c underline-button default-underline elementor-widget elementor-widget-button\" data-id=\"a710f0c\" data-element_type=\"widget\" data-e-type=\"widget\" data-widget_type=\"button.default\">\n\t\t\t\t<div class=\"elementor-widget-container\">\n\t\t\t\t\t\t\t\t\t<div class=\"elementor-button-wrapper\">\n\t\t\t\t\t<a class=\"elementor-button elementor-button-link elementor-size-sm\" href=\"\/fr\/produits-commerciaux\/\">\n\t\t\t\t\t\t<span class=\"elementor-button-content-wrapper\">\n\t\t\t\t\t\t\t\t\t<span class=\"elementor-button-text\">Produits disponibles<\/span>\n\t\t\t\t\t<\/span>\n\t\t\t\t\t<\/a>\n\t\t\t\t<\/div>\n\t\t\t\t\t\t\t\t<\/div>\n\t\t\t\t<\/div>\n\t\t\t\t\t<\/div>\n\t\t\t\t<\/div>\n\t\t\t\t<\/div>","protected":false},"excerpt":{"rendered":"<p>Leading the Way inAsian Foodservice With decades of experience in manufacturing surimi in the USA and rich insights into value-added seafood, Aquamar is your go-to partner for elevating your seafood department. Our representatives work with you one-on-one to tailor a seafood program that aligns with your retail strategy. A Legacy of Authenticity and Quality Founded [&hellip;]<\/p>\n","protected":false},"author":2,"featured_media":995,"parent":0,"menu_order":0,"comment_status":"closed","ping_status":"closed","template":"","meta":{"_acf_changed":false,"iawp_total_views":82,"footnotes":""},"class_list":["post-301","page","type-page","status-publish","has-post-thumbnail","hentry"],"acf":[],"featured_image_src":"https:\/\/aquamarseafood.com\/wp-content\/uploads\/2026\/03\/Asian-Foodservice-600x400.webp","featured_image_src_square":"https:\/\/aquamarseafood.com\/wp-content\/uploads\/2026\/03\/Asian-Foodservice-600x600.webp","_links":{"self":[{"href":"https:\/\/aquamarseafood.com\/fr\/wp-json\/wp\/v2\/pages\/301","targetHints":{"allow":["GET"]}}],"collection":[{"href":"https:\/\/aquamarseafood.com\/fr\/wp-json\/wp\/v2\/pages"}],"about":[{"href":"https:\/\/aquamarseafood.com\/fr\/wp-json\/wp\/v2\/types\/page"}],"author":[{"embeddable":true,"href":"https:\/\/aquamarseafood.com\/fr\/wp-json\/wp\/v2\/users\/2"}],"replies":[{"embeddable":true,"href":"https:\/\/aquamarseafood.com\/fr\/wp-json\/wp\/v2\/comments?post=301"}],"version-history":[{"count":0,"href":"https:\/\/aquamarseafood.com\/fr\/wp-json\/wp\/v2\/pages\/301\/revisions"}],"wp:featuredmedia":[{"embeddable":true,"href":"https:\/\/aquamarseafood.com\/fr\/wp-json\/wp\/v2\/media\/995"}],"wp:attachment":[{"href":"https:\/\/aquamarseafood.com\/fr\/wp-json\/wp\/v2\/media?parent=301"}],"curies":[{"name":"wp","href":"https:\/\/api.w.org\/{rel}","templated":true}]}}