{"id":356,"date":"2026-02-20T17:51:33","date_gmt":"2026-02-20T22:51:33","guid":{"rendered":"https:\/\/aquamarstg.wpenginepowered.com\/?page_id=356"},"modified":"2026-03-16T09:43:19","modified_gmt":"2026-03-16T13:43:19","slug":"marches-damerique-latine","status":"publish","type":"page","link":"https:\/\/aquamarseafood.com\/fr\/latin-america-markets\/","title":{"rendered":"March\u00e9s d'Am\u00e9rique latine"},"content":{"rendered":"<div data-elementor-type=\"wp-page\" data-elementor-id=\"356\" class=\"elementor elementor-356\" data-elementor-post-type=\"page\">\n\t\t\t\t<div class=\"elementor-element elementor-element-8c593f7 e-flex e-con-boxed e-con e-parent\" data-id=\"8c593f7\" data-element_type=\"container\" data-e-type=\"container\">\n\t\t\t\t\t<div class=\"e-con-inner\">\n\t\t<div class=\"elementor-element elementor-element-93eef25 e-con-full e-flex e-con e-child\" data-id=\"93eef25\" data-element_type=\"container\" data-e-type=\"container\">\n\t\t\t\t<div class=\"elementor-element elementor-element-aaea873 elementor-widget elementor-widget-heading\" data-id=\"aaea873\" data-element_type=\"widget\" data-e-type=\"widget\" data-widget_type=\"heading.default\">\n\t\t\t\t<div class=\"elementor-widget-container\">\n\t\t\t\t\t<h1 class=\"elementor-heading-title elementor-size-default\">March\u00e9s d'Am\u00e9rique latine<\/h1>\t\t\t\t<\/div>\n\t\t\t\t<\/div>\n\t\t\t\t<div class=\"elementor-element elementor-element-5100278 elementor-widget elementor-widget-image\" data-id=\"5100278\" data-element_type=\"widget\" data-e-type=\"widget\" data-widget_type=\"image.default\">\n\t\t\t\t<div class=\"elementor-widget-container\">\n\t\t\t\t\t\t\t\t\t\t\t\t\t\t\t<img decoding=\"async\" width=\"178\" height=\"66\" src=\"https:\/\/aquamarseafood.com\/wp-content\/uploads\/2026\/02\/fish.svg\" class=\"attachment-large size-large wp-image-61\" alt=\"\" \/>\t\t\t\t\t\t\t\t\t\t\t\t\t\t\t<\/div>\n\t\t\t\t<\/div>\n\t\t\t\t<\/div>\n\t\t\t\t\t<\/div>\n\t\t\t\t<\/div>\n\t\t<div class=\"elementor-element elementor-element-6defbe1 e-con-full e-flex e-con e-child\" data-id=\"6defbe1\" data-element_type=\"container\" data-e-type=\"container\" data-settings=\"{&quot;background_background&quot;:&quot;classic&quot;}\">\n\t\t<div class=\"elementor-element elementor-element-46a96ea e-con-full e-flex e-con e-child\" data-id=\"46a96ea\" data-element_type=\"container\" data-e-type=\"container\" data-settings=\"{&quot;background_background&quot;:&quot;classic&quot;}\">\n\t\t\t\t<\/div>\n\t\t<div class=\"elementor-element elementor-element-3e33584 e-con-full extended-right e-flex e-con e-child\" data-id=\"3e33584\" data-element_type=\"container\" data-e-type=\"container\" data-settings=\"{&quot;background_background&quot;:&quot;classic&quot;}\">\n\t\t\t\t<div class=\"elementor-element elementor-element-45d3d65 elementor-widget__width-initial elementor-widget elementor-widget-heading\" data-id=\"45d3d65\" data-element_type=\"widget\" data-e-type=\"widget\" data-widget_type=\"heading.default\">\n\t\t\t\t<div class=\"elementor-widget-container\">\n\t\t\t\t\t<h2 class=\"elementor-heading-title elementor-size-default\">Fruits de mer - un hispanique<br>recette de base<\/h2>\t\t\t\t<\/div>\n\t\t\t\t<\/div>\n\t\t\t\t<div class=\"elementor-element elementor-element-977942d elementor-widget elementor-widget-text-editor\" data-id=\"977942d\" data-element_type=\"widget\" data-e-type=\"widget\" data-widget_type=\"text-editor.default\">\n\t\t\t\t<div class=\"elementor-widget-container\">\n\t\t\t\t\t\t\t\t\t<p>Aquamar a adapt\u00e9 le profil de saveur pour qu'il corresponde au mieux aux int\u00e9r\u00eats des consommateurs latins. En outre, le surimi Aquamar est de qualit\u00e9 sup\u00e9rieure \u00e0 un prix comp\u00e9titif, ce qui garantit que le produit offre une valeur sup\u00e9rieure. Tacos aux fruits de mer. Nachos au ceviche. Burritos. Tostadas. Les fa\u00e7ons dont le surimi peut \u00eatre incorpor\u00e9 dans les plats hispaniques traditionnels sont infinies. C'est pourquoi Aquamar est fier de fournir du surimi de haute qualit\u00e9 aux d\u00e9taillants, exportateurs et march\u00e9s hispaniques, avec un emballage bilingue et des prix abordables. Les clients adoreront le go\u00fbt et la polyvalence - vous adorerez les ventes.<\/p>\t\t\t\t\t\t\t\t<\/div>\n\t\t\t\t<\/div>\n\t\t\t\t<\/div>\n\t\t\t\t<\/div>\n\t\t<div class=\"elementor-element elementor-element-50984fa e-flex e-con-boxed e-con e-parent\" data-id=\"50984fa\" data-element_type=\"container\" data-e-type=\"container\">\n\t\t\t\t\t<div class=\"e-con-inner\">\n\t\t\t\t<div class=\"elementor-element elementor-element-7a0b0f2 elementor-widget elementor-widget-heading\" data-id=\"7a0b0f2\" data-element_type=\"widget\" data-e-type=\"widget\" data-widget_type=\"heading.default\">\n\t\t\t\t<div class=\"elementor-widget-container\">\n\t\t\t\t\t<h2 class=\"elementor-heading-title elementor-size-default\">March\u00e9s am\u00e9ricains<\/h2>\t\t\t\t<\/div>\n\t\t\t\t<\/div>\n\t\t\t\t<div class=\"elementor-element elementor-element-79673e3 elementor-widget elementor-widget-text-editor\" data-id=\"79673e3\" data-element_type=\"widget\" data-e-type=\"widget\" data-widget_type=\"text-editor.default\">\n\t\t\t\t<div class=\"elementor-widget-container\">\n\t\t\t\t\t\t\t\t\tLes marques de surimi Marazul et Aqua Treasure sont pr\u00e9sentes sur l'ensemble du territoire am\u00e9ricain.\t\t\t\t\t\t\t\t<\/div>\n\t\t\t\t<\/div>\n\t\t<div class=\"elementor-element elementor-element-bf267b1 e-con-full e-flex e-con e-child\" data-id=\"bf267b1\" data-element_type=\"container\" data-e-type=\"container\">\n\t\t<div class=\"elementor-element elementor-element-d862014 e-con-full e-flex e-con e-child\" data-id=\"d862014\" data-element_type=\"container\" data-e-type=\"container\">\n\t\t\t\t<div class=\"elementor-element elementor-element-f58f126 elementor-widget__width-initial elementor-position-top elementor-widget elementor-widget-image-box\" data-id=\"f58f126\" data-element_type=\"widget\" data-e-type=\"widget\" data-widget_type=\"image-box.default\">\n\t\t\t\t<div class=\"elementor-widget-container\">\n\t\t\t\t\t<div class=\"elementor-image-box-wrapper\"><figure class=\"elementor-image-box-img\"><img decoding=\"async\" width=\"153\" height=\"140\" src=\"https:\/\/aquamarseafood.com\/wp-content\/uploads\/2026\/02\/Marazul.svg\" class=\"attachment-full size-full wp-image-364\" alt=\"\" \/><\/figure><div class=\"elementor-image-box-content\"><p class=\"elementor-image-box-description\">Notre marque de surimi Marazul est sp\u00e9cialement con\u00e7ue pour les consommateurs hispaniques. Gr\u00e2ce \u00e0 son emballage bilingue, Marazul est facile \u00e0 identifier dans les \u00e9piceries latinos.<\/p><\/div><\/div>\t\t\t\t<\/div>\n\t\t\t\t<\/div>\n\t\t\t\t<\/div>\n\t\t<div class=\"elementor-element elementor-element-a20ef30 e-con-full e-flex e-con e-child\" data-id=\"a20ef30\" data-element_type=\"container\" data-e-type=\"container\">\n\t\t\t\t<div class=\"elementor-element elementor-element-4c49d32 elementor-widget__width-initial elementor-position-top elementor-widget elementor-widget-image-box\" data-id=\"4c49d32\" data-element_type=\"widget\" data-e-type=\"widget\" data-widget_type=\"image-box.default\">\n\t\t\t\t<div class=\"elementor-widget-container\">\n\t\t\t\t\t<div class=\"elementor-image-box-wrapper\"><figure class=\"elementor-image-box-img\"><img decoding=\"async\" width=\"278\" height=\"140\" src=\"https:\/\/aquamarseafood.com\/wp-content\/uploads\/2026\/02\/Aqua-Treasure.svg\" class=\"attachment-full size-full wp-image-357\" alt=\"\" \/><\/figure><div class=\"elementor-image-box-content\"><p class=\"elementor-image-box-description\">Aqua Treasure est une marque de surimi de haute qualit\u00e9 et abordable qui peut \u00eatre utilis\u00e9e dans de nombreux plats. Vous trouverez Aqua Treasure dans le rayon r\u00e9frig\u00e9r\u00e9 des fruits de mer.<\/p><\/div><\/div>\t\t\t\t<\/div>\n\t\t\t\t<\/div>\n\t\t\t\t<\/div>\n\t\t\t\t<\/div>\n\t\t\t\t\t<\/div>\n\t\t\t\t<\/div>\n\t\t<div class=\"elementor-element elementor-element-2ab47f6 e-flex e-con-boxed e-con e-parent\" data-id=\"2ab47f6\" data-element_type=\"container\" data-e-type=\"container\">\n\t\t\t\t\t<div class=\"e-con-inner\">\n\t\t<div class=\"elementor-element elementor-element-650db5d e-con-full e-flex e-con e-child\" data-id=\"650db5d\" data-element_type=\"container\" data-e-type=\"container\">\n\t\t\t\t<div class=\"elementor-element elementor-element-0a8913d elementor-widget-divider--view-line elementor-widget elementor-widget-divider\" data-id=\"0a8913d\" data-element_type=\"widget\" data-e-type=\"widget\" data-widget_type=\"divider.default\">\n\t\t\t\t<div class=\"elementor-widget-container\">\n\t\t\t\t\t\t\t<div class=\"elementor-divider\">\n\t\t\t<span class=\"elementor-divider-separator\">\n\t\t\t\t\t\t<\/span>\n\t\t<\/div>\n\t\t\t\t\t\t<\/div>\n\t\t\t\t<\/div>\n\t\t\t\t<\/div>\n\t\t\t\t\t<\/div>\n\t\t\t\t<\/div>\n\t\t<div class=\"elementor-element elementor-element-90ee8f6 e-flex e-con-boxed e-con e-parent\" data-id=\"90ee8f6\" data-element_type=\"container\" data-e-type=\"container\">\n\t\t\t\t\t<div class=\"e-con-inner\">\n\t\t\t\t<div class=\"elementor-element elementor-element-c0409a0 elementor-widget elementor-widget-heading\" data-id=\"c0409a0\" data-element_type=\"widget\" data-e-type=\"widget\" data-widget_type=\"heading.default\">\n\t\t\t\t<div class=\"elementor-widget-container\">\n\t\t\t\t\t<h2 class=\"elementor-heading-title elementor-size-default\">Mexique, Am\u00e9rique centrale et du Sud<\/h2>\t\t\t\t<\/div>\n\t\t\t\t<\/div>\n\t\t\t\t<div class=\"elementor-element elementor-element-5d9223a elementor-widget__width-initial elementor-widget elementor-widget-text-editor\" data-id=\"5d9223a\" data-element_type=\"widget\" data-e-type=\"widget\" data-widget_type=\"text-editor.default\">\n\t\t\t\t<div class=\"elementor-widget-container\">\n\t\t\t\t\t\t\t\t\t<p>Les marques de surimi de fruits de mer Aquamar et Dyna-Sea sont pr\u00e9sentes sur de nombreux march\u00e9s d'Am\u00e9rique latine.<\/p>\t\t\t\t\t\t\t\t<\/div>\n\t\t\t\t<\/div>\n\t\t\t\t<div class=\"elementor-element elementor-element-be37d27 elementor-widget__width-initial elementor-widget elementor-widget-text-editor\" data-id=\"be37d27\" data-element_type=\"widget\" data-e-type=\"widget\" data-widget_type=\"text-editor.default\">\n\t\t\t\t<div class=\"elementor-widget-container\">\n\t\t\t\t\t\t\t\t\tAquamar poss\u00e8de des installations de production sur les deux c\u00f4tes des \u00c9tats-Unis. Nos capacit\u00e9s de fabrication et de transport nous permettent de desservir efficacement le Mexique, l'Am\u00e9rique centrale et l'Am\u00e9rique du Sud avec le surimi le plus frais et de la plus haute qualit\u00e9.\t\t\t\t\t\t\t\t<\/div>\n\t\t\t\t<\/div>\n\t\t<div class=\"elementor-element elementor-element-79ce15b e-con-full e-flex e-con e-child\" data-id=\"79ce15b\" data-element_type=\"container\" data-e-type=\"container\">\n\t\t\t\t<div class=\"elementor-element elementor-element-113a153 elementor-position-top elementor-widget elementor-widget-image-box\" data-id=\"113a153\" data-element_type=\"widget\" data-e-type=\"widget\" data-widget_type=\"image-box.default\">\n\t\t\t\t<div class=\"elementor-widget-container\">\n\t\t\t\t\t<div class=\"elementor-image-box-wrapper\"><figure class=\"elementor-image-box-img\"><img loading=\"lazy\" decoding=\"async\" width=\"165\" height=\"95\" src=\"https:\/\/aquamarseafood.com\/wp-content\/uploads\/2026\/02\/Mexico.webp\" class=\"attachment-full size-full wp-image-365\" alt=\"\" \/><\/figure><div class=\"elementor-image-box-content\"><h3 class=\"elementor-image-box-title\">Mexique<\/h3><\/div><\/div>\t\t\t\t<\/div>\n\t\t\t\t<\/div>\n\t\t\t\t<div class=\"elementor-element elementor-element-13f1d64 elementor-position-top elementor-widget elementor-widget-image-box\" data-id=\"13f1d64\" data-element_type=\"widget\" data-e-type=\"widget\" data-widget_type=\"image-box.default\">\n\t\t\t\t<div class=\"elementor-widget-container\">\n\t\t\t\t\t<div class=\"elementor-image-box-wrapper\"><figure class=\"elementor-image-box-img\"><img loading=\"lazy\" decoding=\"async\" width=\"153\" height=\"95\" src=\"https:\/\/aquamarseafood.com\/wp-content\/uploads\/2026\/02\/Guatemala.webp\" class=\"attachment-full size-full wp-image-363\" alt=\"\" \/><\/figure><div class=\"elementor-image-box-content\"><h3 class=\"elementor-image-box-title\">Guatemala<\/h3><\/div><\/div>\t\t\t\t<\/div>\n\t\t\t\t<\/div>\n\t\t\t\t<div class=\"elementor-element elementor-element-3360953 elementor-position-top elementor-widget elementor-widget-image-box\" data-id=\"3360953\" data-element_type=\"widget\" data-e-type=\"widget\" data-widget_type=\"image-box.default\">\n\t\t\t\t<div class=\"elementor-widget-container\">\n\t\t\t\t\t<div class=\"elementor-image-box-wrapper\"><figure class=\"elementor-image-box-img\"><img loading=\"lazy\" decoding=\"async\" width=\"169\" height=\"95\" src=\"https:\/\/aquamarseafood.com\/wp-content\/uploads\/2026\/02\/El-Salvador.webp\" class=\"attachment-full size-full wp-image-361\" alt=\"\" \/><\/figure><div class=\"elementor-image-box-content\"><h3 class=\"elementor-image-box-title\">El Salvador<\/h3><\/div><\/div>\t\t\t\t<\/div>\n\t\t\t\t<\/div>\n\t\t\t\t<div class=\"elementor-element elementor-element-023f97d elementor-position-top elementor-widget elementor-widget-image-box\" data-id=\"023f97d\" data-element_type=\"widget\" data-e-type=\"widget\" data-widget_type=\"image-box.default\">\n\t\t\t\t<div class=\"elementor-widget-container\">\n\t\t\t\t\t<div class=\"elementor-image-box-wrapper\"><figure class=\"elementor-image-box-img\"><img loading=\"lazy\" decoding=\"async\" width=\"158\" height=\"95\" src=\"https:\/\/aquamarseafood.com\/wp-content\/uploads\/2026\/02\/Costa-Rica.webp\" class=\"attachment-full size-full wp-image-359\" alt=\"\" \/><\/figure><div class=\"elementor-image-box-content\"><h3 class=\"elementor-image-box-title\">Costa Rica<\/h3><\/div><\/div>\t\t\t\t<\/div>\n\t\t\t\t<\/div>\n\t\t\t\t<div class=\"elementor-element elementor-element-378f3a7 elementor-position-top elementor-widget elementor-widget-image-box\" data-id=\"378f3a7\" data-element_type=\"widget\" data-e-type=\"widget\" data-widget_type=\"image-box.default\">\n\t\t\t\t<div class=\"elementor-widget-container\">\n\t\t\t\t\t<div class=\"elementor-image-box-wrapper\"><figure class=\"elementor-image-box-img\"><img loading=\"lazy\" decoding=\"async\" width=\"142\" height=\"95\" src=\"https:\/\/aquamarseafood.com\/wp-content\/uploads\/2026\/02\/Columbia.webp\" class=\"attachment-full size-full wp-image-358\" alt=\"\" \/><\/figure><div class=\"elementor-image-box-content\"><h3 class=\"elementor-image-box-title\">Colombie<\/h3><\/div><\/div>\t\t\t\t<\/div>\n\t\t\t\t<\/div>\n\t\t\t\t<div class=\"elementor-element elementor-element-716b0f3 elementor-position-top elementor-widget elementor-widget-image-box\" data-id=\"716b0f3\" data-element_type=\"widget\" data-e-type=\"widget\" data-widget_type=\"image-box.default\">\n\t\t\t\t<div class=\"elementor-widget-container\">\n\t\t\t\t\t<div class=\"elementor-image-box-wrapper\"><figure class=\"elementor-image-box-img\"><img loading=\"lazy\" decoding=\"async\" width=\"142\" height=\"95\" src=\"https:\/\/aquamarseafood.com\/wp-content\/uploads\/2026\/02\/Ecuador.webp\" class=\"attachment-full size-full wp-image-360\" alt=\"\" \/><\/figure><div class=\"elementor-image-box-content\"><h3 class=\"elementor-image-box-title\">\u00c9quateur<\/h3><\/div><\/div>\t\t\t\t<\/div>\n\t\t\t\t<\/div>\n\t\t\t\t<\/div>\n\t\t\t\t\t<\/div>\n\t\t\t\t<\/div>\n\t\t<div class=\"elementor-element elementor-element-0319dcc e-flex e-con-boxed e-con e-parent\" data-id=\"0319dcc\" data-element_type=\"container\" data-e-type=\"container\">\n\t\t\t\t\t<div class=\"e-con-inner\">\n\t\t<div class=\"elementor-element elementor-element-6d81015 e-con-full e-flex e-con e-child\" data-id=\"6d81015\" data-element_type=\"container\" data-e-type=\"container\">\n\t\t\t\t<div class=\"elementor-element elementor-element-64da8a0 elementor-widget-divider--view-line elementor-widget elementor-widget-divider\" data-id=\"64da8a0\" data-element_type=\"widget\" data-e-type=\"widget\" data-widget_type=\"divider.default\">\n\t\t\t\t<div class=\"elementor-widget-container\">\n\t\t\t\t\t\t\t<div class=\"elementor-divider\">\n\t\t\t<span class=\"elementor-divider-separator\">\n\t\t\t\t\t\t<\/span>\n\t\t<\/div>\n\t\t\t\t\t\t<\/div>\n\t\t\t\t<\/div>\n\t\t\t\t<\/div>\n\t\t\t\t\t<\/div>\n\t\t\t\t<\/div>\n\t\t<div class=\"elementor-element elementor-element-8f4e9fe e-con-full e-flex e-con e-parent\" data-id=\"8f4e9fe\" data-element_type=\"container\" data-e-type=\"container\">\n\t\t<div class=\"elementor-element elementor-element-abd06a0 e-flex e-con-boxed e-con e-child\" data-id=\"abd06a0\" data-element_type=\"container\" data-e-type=\"container\">\n\t\t\t\t\t<div class=\"e-con-inner\">\n\t\t\t\t<div class=\"elementor-element elementor-element-9d23006 elementor-widget elementor-widget-heading\" data-id=\"9d23006\" data-element_type=\"widget\" data-e-type=\"widget\" data-widget_type=\"heading.default\">\n\t\t\t\t<div class=\"elementor-widget-container\">\n\t\t\t\t\t<h2 class=\"elementor-heading-title elementor-size-default\">Retrouvez Aquamar Surimi Brands sur<br>les d\u00e9taillants suivants et d'autres encore :<\/h2>\t\t\t\t<\/div>\n\t\t\t\t<\/div>\n\t\t\t\t\t<\/div>\n\t\t\t\t<\/div>\n\t\t\t\t<div class=\"elementor-element elementor-element-7d72890 elementor-widget elementor-widget-image-carousel\" data-id=\"7d72890\" data-element_type=\"widget\" data-e-type=\"widget\" data-settings=\"{&quot;slides_to_show&quot;:&quot;5&quot;,&quot;slides_to_scroll&quot;:&quot;1&quot;,&quot;navigation&quot;:&quot;none&quot;,&quot;lazyload&quot;:&quot;yes&quot;,&quot;slides_to_show_tablet&quot;:&quot;2&quot;,&quot;image_spacing_custom&quot;:{&quot;unit&quot;:&quot;px&quot;,&quot;size&quot;:50,&quot;sizes&quot;:[]},&quot;autoplay&quot;:&quot;yes&quot;,&quot;autoplay_speed&quot;:5000,&quot;infinite&quot;:&quot;yes&quot;,&quot;speed&quot;:500,&quot;image_spacing_custom_tablet&quot;:{&quot;unit&quot;:&quot;px&quot;,&quot;size&quot;:&quot;&quot;,&quot;sizes&quot;:[]},&quot;image_spacing_custom_mobile&quot;:{&quot;unit&quot;:&quot;px&quot;,&quot;size&quot;:&quot;&quot;,&quot;sizes&quot;:[]}}\" data-widget_type=\"image-carousel.default\">\n\t\t\t\t<div class=\"elementor-widget-container\">\n\t\t\t\t\t\t\t<div class=\"elementor-image-carousel-wrapper swiper\" role=\"region\" aria-roledescription=\"carousel\" aria-label=\"Carrousel d&#039;images\" dir=\"ltr\">\n\t\t\t<div class=\"elementor-image-carousel swiper-wrapper\" aria-live=\"off\">\n\t\t\t\t\t\t\t\t<div class=\"swiper-slide\" role=\"group\" aria-roledescription=\"slide\" aria-label=\"1 de 5\" data-no-translation-aria-label=\"\"><figure class=\"swiper-slide-inner\"><img class=\"swiper-slide-image swiper-lazy\" data-src=\"https:\/\/aquamarseafood.com\/wp-content\/uploads\/2026\/02\/el-super.svg\" alt=\"el-super\" \/><div class=\"swiper-lazy-preloader\"><\/div><\/figure><\/div><div class=\"swiper-slide\" role=\"group\" aria-roledescription=\"slide\" aria-label=\"2 de 5\" data-no-translation-aria-label=\"\"><figure class=\"swiper-slide-inner\"><img class=\"swiper-slide-image swiper-lazy\" data-src=\"https:\/\/aquamarseafood.com\/wp-content\/uploads\/2026\/02\/ShopRite_United_States_logo-1.svg\" alt=\"ShopRite_(United_States)_logo\" \/><div class=\"swiper-lazy-preloader\"><\/div><\/figure><\/div><div class=\"swiper-slide\" role=\"group\" aria-roledescription=\"slide\" aria-label=\"3 de 5\" data-no-translation-aria-label=\"\"><figure class=\"swiper-slide-inner\"><img class=\"swiper-slide-image swiper-lazy\" data-src=\"https:\/\/aquamarseafood.com\/wp-content\/uploads\/2026\/02\/sams-club.webp\" alt=\"sams-club\" \/><div class=\"swiper-lazy-preloader\"><\/div><\/figure><\/div><div class=\"swiper-slide\" role=\"group\" aria-roledescription=\"slide\" aria-label=\"4 de 5\" data-no-translation-aria-label=\"\"><figure class=\"swiper-slide-inner\"><img class=\"swiper-slide-image swiper-lazy\" data-src=\"https:\/\/aquamarseafood.com\/wp-content\/uploads\/2026\/02\/walmart-mexico.svg\" alt=\"walmart-mexique\" \/><div class=\"swiper-lazy-preloader\"><\/div><\/figure><\/div><div class=\"swiper-slide\" role=\"group\" aria-roledescription=\"slide\" aria-label=\"5 de 5\" data-no-translation-aria-label=\"\"><figure class=\"swiper-slide-inner\"><img class=\"swiper-slide-image swiper-lazy\" data-src=\"https:\/\/aquamarseafood.com\/wp-content\/uploads\/2026\/02\/northgate-market.svg\" alt=\"march\u00e9 du nord\" \/><div class=\"swiper-lazy-preloader\"><\/div><\/figure><\/div>\t\t\t<\/div>\n\t\t\t\t\t\t\t\n\t\t\t\t\t\t\t\t\t<\/div>\n\t\t\t\t\t\t<\/div>\n\t\t\t\t<\/div>\n\t\t<div class=\"elementor-element elementor-element-7bf986b e-flex e-con-boxed e-con e-child\" data-id=\"7bf986b\" data-element_type=\"container\" data-e-type=\"container\">\n\t\t\t\t\t<div class=\"e-con-inner\">\n\t\t\t\t<div class=\"elementor-element elementor-element-aa82bb4 underline-button default-underline elementor-widget elementor-widget-button\" data-id=\"aa82bb4\" data-element_type=\"widget\" data-e-type=\"widget\" data-widget_type=\"button.default\">\n\t\t\t\t<div class=\"elementor-widget-container\">\n\t\t\t\t\t\t\t\t\t<div class=\"elementor-button-wrapper\">\n\t\t\t\t\t<a class=\"elementor-button elementor-button-link elementor-size-sm\" href=\"\/fr\/produits-commerciaux\/\">\n\t\t\t\t\t\t<span class=\"elementor-button-content-wrapper\">\n\t\t\t\t\t\t\t\t\t<span class=\"elementor-button-text\">Produits disponibles<\/span>\n\t\t\t\t\t<\/span>\n\t\t\t\t\t<\/a>\n\t\t\t\t<\/div>\n\t\t\t\t\t\t\t\t<\/div>\n\t\t\t\t<\/div>\n\t\t\t\t<div class=\"elementor-element elementor-element-b5d1152 underline-button default-underline elementor-hidden-desktop elementor-hidden-tablet elementor-hidden-mobile elementor-widget elementor-widget-button\" data-id=\"b5d1152\" data-element_type=\"widget\" data-e-type=\"widget\" data-widget_type=\"button.default\">\n\t\t\t\t<div class=\"elementor-widget-container\">\n\t\t\t\t\t\t\t\t\t<div class=\"elementor-button-wrapper\">\n\t\t\t\t\t<a class=\"elementor-button elementor-button-link elementor-size-sm\" href=\"\/wp-content\/uploads\/2026\/02\/Aquamar-Hispano-Surimi-Products.pdf\" target=\"_blank\" rel=\"nofollow\" download=\"\">\n\t\t\t\t\t\t<span class=\"elementor-button-content-wrapper\">\n\t\t\t\t\t\t\t\t\t<span class=\"elementor-button-text\">Produits disponibles<\/span>\n\t\t\t\t\t<\/span>\n\t\t\t\t\t<\/a>\n\t\t\t\t<\/div>\n\t\t\t\t\t\t\t\t<\/div>\n\t\t\t\t<\/div>\n\t\t\t\t<div class=\"elementor-element elementor-element-48aaa3f underline-button default-underline elementor-widget elementor-widget-button\" data-id=\"48aaa3f\" data-element_type=\"widget\" data-e-type=\"widget\" data-widget_type=\"button.default\">\n\t\t\t\t<div class=\"elementor-widget-container\">\n\t\t\t\t\t\t\t\t\t<div class=\"elementor-button-wrapper\">\n\t\t\t\t\t<a class=\"elementor-button elementor-button-link elementor-size-sm\" href=\"\/fr\/contact\/\">\n\t\t\t\t\t\t<span class=\"elementor-button-content-wrapper\">\n\t\t\t\t\t\t\t\t\t<span class=\"elementor-button-text\">Contactez-nous d\u00e8s aujourd'hui<\/span>\n\t\t\t\t\t<\/span>\n\t\t\t\t\t<\/a>\n\t\t\t\t<\/div>\n\t\t\t\t\t\t\t\t<\/div>\n\t\t\t\t<\/div>\n\t\t\t\t\t<\/div>\n\t\t\t\t<\/div>\n\t\t\t\t<\/div>\n\t\t\t\t<\/div>","protected":false},"excerpt":{"rendered":"<p>Seafood \u2013 a Hispanicrecipe staple Aquamar tailored the flavor profile to best fit with Latin consumer interests. Further, Aquamar surimi is superior quality at a competitive price, ensuring the product offers a superior value. Seafood tacos. Ceviche nachos. Burritos. Tostadas. The ways that surimi can be incorporated into traditional Hispanic dishes are endless. That\u2019s why [&hellip;]<\/p>\n","protected":false},"author":2,"featured_media":997,"parent":0,"menu_order":0,"comment_status":"closed","ping_status":"closed","template":"","meta":{"_acf_changed":false,"iawp_total_views":58,"footnotes":""},"class_list":["post-356","page","type-page","status-publish","has-post-thumbnail","hentry"],"acf":[],"featured_image_src":"https:\/\/aquamarseafood.com\/wp-content\/uploads\/2026\/03\/Latin-America-Markets-600x400.webp","featured_image_src_square":"https:\/\/aquamarseafood.com\/wp-content\/uploads\/2026\/03\/Latin-America-Markets-600x600.webp","_links":{"self":[{"href":"https:\/\/aquamarseafood.com\/fr\/wp-json\/wp\/v2\/pages\/356","targetHints":{"allow":["GET"]}}],"collection":[{"href":"https:\/\/aquamarseafood.com\/fr\/wp-json\/wp\/v2\/pages"}],"about":[{"href":"https:\/\/aquamarseafood.com\/fr\/wp-json\/wp\/v2\/types\/page"}],"author":[{"embeddable":true,"href":"https:\/\/aquamarseafood.com\/fr\/wp-json\/wp\/v2\/users\/2"}],"replies":[{"embeddable":true,"href":"https:\/\/aquamarseafood.com\/fr\/wp-json\/wp\/v2\/comments?post=356"}],"version-history":[{"count":0,"href":"https:\/\/aquamarseafood.com\/fr\/wp-json\/wp\/v2\/pages\/356\/revisions"}],"wp:featuredmedia":[{"embeddable":true,"href":"https:\/\/aquamarseafood.com\/fr\/wp-json\/wp\/v2\/media\/997"}],"wp:attachment":[{"href":"https:\/\/aquamarseafood.com\/fr\/wp-json\/wp\/v2\/media?parent=356"}],"curies":[{"name":"wp","href":"https:\/\/api.w.org\/{rel}","templated":true}]}}